{"id":137,"date":"2026-01-21T01:42:13","date_gmt":"2026-01-21T04:42:13","guid":{"rendered":"https:\/\/17cbs.cl\/?page_id=137"},"modified":"2026-02-18T00:34:25","modified_gmt":"2026-02-18T03:34:25","slug":"acta-de-fundacion","status":"publish","type":"page","link":"https:\/\/17cbs.cl\/index.php\/acta-de-fundacion\/","title":{"rendered":"acta de fundaci\u00f3n"},"content":{"rendered":"<p>[et_pb_section fb_built=\u00bb1&#8243; _builder_version=\u00bb4.14.4&#8243; _module_preset=\u00bbdefault\u00bb global_colors_info=\u00bb{}\u00bb][et_pb_row _builder_version=\u00bb4.14.4&#8243; _module_preset=\u00bbdefault\u00bb global_colors_info=\u00bb{}\u00bb][et_pb_column type=\u00bb4_4&#8243; _builder_version=\u00bb4.14.4&#8243; _module_preset=\u00bbdefault\u00bb global_colors_info=\u00bb{}\u00bb][et_pb_text _builder_version=\u00bb4.14.4&#8243; _module_preset=\u00bbdefault\u00bb text_font=\u00bbAlata||||||||\u00bb text_font_size=\u00bb36px\u00bb global_colors_info=\u00bb{}\u00bb]<\/p>\n<p style=\"text-align: center;\">ACTA DE FUNDACI\u00d3N<\/p>\n<p>[\/et_pb_text][et_pb_text _builder_version=\u00bb4.14.4&#8243; _module_preset=\u00bbdefault\u00bb text_font=\u00bbAlata||||||||\u00bb text_line_height=\u00bb1.5em\u00bb global_colors_info=\u00bb{}\u00bb]<\/p>\n<p>En Santiago de Chile a 24 de Marzo de 1963, siendo las 11:35 horas, en Pasaje Cuatro # 4436 de la Poblaci\u00f3n Alberto Risopatr\u00f3nBarredo, se ha reunido un grupo de vecinos, con el objeto de formar y organizar una Compa\u00f1\u00eda de Bomberos, que venga a cubrir a lacomunidad de los riesgos de incendio y otros siniestros que pudieran ocurrir.<br \/>Su administraci\u00f3n estar\u00e1 a cargo de un directorio a elegirse el 31 del presente, en su intervalo una comisi\u00f3n de 10 voluntariosconseguir\u00e1 un local apropiado para las funciones de cuartel, se gestionar\u00e1 el reconocimiento del Cuerpo de Bomberos de Santiago y laproveer\u00e1 de los elementos m\u00e1s indispensables para el combate de incendios.<br \/>Preside la reuni\u00f3n el se\u00f1or Santiago Ferreiro Merino, qui\u00e9n procede a efectuar la votaci\u00f3n de la comisi\u00f3n antes referida, la cu\u00e1l quedaconstituida de la siguiente manera:<\/p>\n<p>Presidente Alberto G\u00f3mez Cristi<br \/>Vicepresidente Alonso Guzm\u00e1n Correa<br \/>Secretario Rub\u00e9n Rojas Ros-Mery<br \/>Pro Secretario Sergio Roa Venegas<br \/>Directores Carlos Mu\u00f1oz Guti\u00e9rrez<br \/>\u00bb Santiago Ferreiro Merino<br \/>\u00bb Ricardo Bascu\u00f1\u00e1n Aerton<br \/>\u00bb Juli\u00e1n Marambio Espinoza<br \/>\u00bb Juli\u00e1n C\u00e1rdenas Gonz\u00e1lez<br \/>\u00bb Carlos Barrios Pe\u00f1ailillo<\/p>\n<p>Conocido el resultado de la votaci\u00f3n, asume la Presidencia de la reuni\u00f3n el se\u00f1or Alberto G\u00f3mez Cristi.<\/p>\n<p>&nbsp;<\/p>\n<p>&nbsp;<\/p>\n<p style=\"text-align: center;\">CUENTA DE GESTIONES.<\/p>\n<p>&nbsp;<\/p>\n<div class=\"page\" title=\"Page 2\">\n<div class=\"layoutArea\">\n<div class=\"column\">\n<p><span>El sen\u0303or Carlos Barrios informa que la Junta de Vecinos del sector \u00abA\u00bb de la poblacio\u0301n \u00abCardenal Jose\u0301 Mari\u0301a Caro\u00bb, de la cual e\u0301l es Vicepresidente, solicito\u0301 ser recibida junto con la Directiva Vecinal, por el Comandante del Cuerpo de Bomberos de Santiago, Sen\u0303or Alfonso Casanova Digeiro, habie\u0301ndosele dado audiencia para el di\u0301a 25 de marzo a las 20:00hrs.<\/span><\/p>\n<p><span>El Sen\u0303or Santiago Ferreiro da cuenta que la Fundacio\u0301n de Viviendas y Asistencia Social, ha facilitado una casa para el funcionamiento provisorio de la unidad, en el Pasaje Cuatro # 4428 al 36 de la Poblacio\u0301n Risopatro\u0301n, deja\u0301ndose establecido que su uso estara\u0301 sujeto a ciertas condiciones, sin perjuicio para el normal funcionamiento de la Compan\u0303i\u0301a.<\/span><\/p>\n<p><span>A la reunio\u0301n que sostendra\u0301 el Comandante del Cuerpo de Bomberos de Santiago con la Junta de Vecinos del sector \u00abA\u00bb de la Poblacio\u0301n Cardenal Jose\u0301 Mari\u0301a Caro y la Unidad Vecinal \u00abRisopatro\u0301n\u00bb, concurrira\u0301n el sen\u0303or Alonso Guzma\u0301n Toledo y Santiago Ferreiro Merino.<\/span><\/p>\n<p><span>ASISTENCIA A LA PRESENTE REUNIO\u0301N:<\/span><\/p>\n<p><span>Carlos Barrios Pen\u0303ailillo<br \/><\/span><\/p>\n<p><span>Julio Pe\u0301rez Fuentes<br \/><\/span><\/p>\n<p><span>Alberto Go\u0301mez Cristi<br \/><\/span><\/p>\n<p><span>Isidro Herna\u0301ndez Inostroza<br \/><\/span><\/p>\n<p><span>Zacari\u0301as Fumes Guerrero<br \/><\/span><\/p>\n<p><span>Ramo\u0301n Mellado Vine\u0301t<br \/><\/span><\/p>\n<p><span>Carlos Mun\u0303oz Gutie\u0301rrez<br \/><\/span><\/p>\n<p><span>Carlos Godoy Rodri\u0301guez<br \/><\/span><\/p>\n<p><span>Mario Vera Saavedra<br \/><\/span><\/p>\n<p><span>Armando Venegas Victoriano<br \/><\/span><\/p>\n<p><span>Julia\u0301n Ca\u0301rdenas Gonza\u0301lez<br \/><\/span><\/p>\n<p><span>Ma\u0301ximo Carrillo Valencia<br \/><\/span><\/p>\n<p><span>Enrique Go\u0301mez Zapata<br \/><\/span><\/p>\n<p><span>Ricardo Bascun\u0303a\u0301n Aerton<br \/><\/span><\/p>\n<p><span>Emilio Ojeda Rebolledo <\/span><\/p>\n<p><span>Gerardo Acun\u0303a Contreras<\/span><\/p>\n<\/div>\n<\/div>\n<\/div>\n<div class=\"page\" title=\"Page 3\">\n<div class=\"layoutArea\">\n<div class=\"column\">\n<p><span><\/span><\/p>\n<p><span>Francisco Fuentes Inostroza <\/span><\/p>\n<p><span>Jaime Llante\u0301n Flores <\/span><\/p>\n<p><span>Julia\u0301n Marambio Espinoza <\/span><\/p>\n<p><span>Mario Hidalgo Cisterna <\/span><\/p>\n<p><span>Manuel Cubillos Castro <\/span><\/p>\n<p><span>Santiago Ferreiro Merino<\/span><\/p>\n<\/div>\n<\/div>\n<div class=\"layoutArea\">\n<div class=\"column\">\n<p><span><\/span><\/p>\n<p><span>Sin haber ma\u0301s materias por tratar se levanta la presente sesio\u0301n, siendo las 12:15 hrs.<\/span><\/p>\n<\/div>\n<\/div>\n<\/div>\n<p>[\/et_pb_text][\/et_pb_column][\/et_pb_row][\/et_pb_section]<\/p>\n","protected":false},"excerpt":{"rendered":"<p>ACTA DE FUNDACI\u00d3NEn Santiago de Chile a 24 de Marzo de 1963, siendo las 11:35 horas, en Pasaje Cuatro # 4436 de la Poblaci\u00f3n Alberto Risopatr\u00f3nBarredo, se ha reunido un grupo de vecinos, con el objeto de formar y organizar una Compa\u00f1\u00eda de Bomberos, que venga a cubrir a lacomunidad de los riesgos de incendio [&hellip;]<\/p>\n","protected":false},"author":1,"featured_media":0,"parent":0,"menu_order":0,"comment_status":"closed","ping_status":"closed","template":"","meta":{"_et_pb_use_builder":"on","_et_pb_old_content":"","_et_gb_content_width":"","footnotes":""},"class_list":["post-137","page","type-page","status-publish","hentry"],"_links":{"self":[{"href":"https:\/\/17cbs.cl\/index.php\/wp-json\/wp\/v2\/pages\/137","targetHints":{"allow":["GET"]}}],"collection":[{"href":"https:\/\/17cbs.cl\/index.php\/wp-json\/wp\/v2\/pages"}],"about":[{"href":"https:\/\/17cbs.cl\/index.php\/wp-json\/wp\/v2\/types\/page"}],"author":[{"embeddable":true,"href":"https:\/\/17cbs.cl\/index.php\/wp-json\/wp\/v2\/users\/1"}],"replies":[{"embeddable":true,"href":"https:\/\/17cbs.cl\/index.php\/wp-json\/wp\/v2\/comments?post=137"}],"version-history":[{"count":4,"href":"https:\/\/17cbs.cl\/index.php\/wp-json\/wp\/v2\/pages\/137\/revisions"}],"predecessor-version":[{"id":147,"href":"https:\/\/17cbs.cl\/index.php\/wp-json\/wp\/v2\/pages\/137\/revisions\/147"}],"wp:attachment":[{"href":"https:\/\/17cbs.cl\/index.php\/wp-json\/wp\/v2\/media?parent=137"}],"curies":[{"name":"wp","href":"https:\/\/api.w.org\/{rel}","templated":true}]}}