{"id":12,"date":"2026-01-17T15:05:03","date_gmt":"2026-01-17T15:05:03","guid":{"rendered":"https:\/\/17cbs.cl\/?page_id=12"},"modified":"2026-01-21T00:58:43","modified_gmt":"2026-01-21T03:58:43","slug":"inicio","status":"publish","type":"page","link":"https:\/\/17cbs.cl\/","title":{"rendered":"Inicio"},"content":{"rendered":"<p>[et_pb_section fb_built=\u00bb1&#8243; fullwidth=\u00bbon\u00bb _builder_version=\u00bb4.14.4&#8243; _module_preset=\u00bbdefault\u00bb global_colors_info=\u00bb{}\u00bb][et_pb_fullwidth_slider _builder_version=\u00bb4.14.4&#8243; _module_preset=\u00bbdefault\u00bb custom_padding=\u00bb280px||240px|||\u00bb animation_style=\u00bbfade\u00bb animation_direction=\u00bbbottom\u00bb animation_duration=\u00bb700ms\u00bb animation_delay=\u00bb400ms\u00bb auto=\u00bbon\u00bb auto_speed=\u00bb4000&#8243; hover_enabled=\u00bb0&#8243; global_colors_info=\u00bb{}\u00bb sticky_enabled=\u00bb0&#8243;][et_pb_slide _builder_version=\u00bb4.14.4&#8243; _module_preset=\u00bbdefault\u00bb background_image=\u00bbhttps:\/\/17cbs.cl\/wp-content\/uploads\/2026\/01\/WhatsApp-Image-2025-12-24-at-12.17.55-2.jpeg\u00bb background_enable_image=\u00bbon\u00bb hover_enabled=\u00bb0&#8243; global_colors_info=\u00bb{}\u00bb sticky_transition=\u00bbon\u00bb title_text=\u00bbWhatsApp Image 2025-12-24 at 12.17.55-2&#8243; sticky_enabled=\u00bb0&#8243;][\/et_pb_slide][et_pb_slide _builder_version=\u00bb4.14.4&#8243; _module_preset=\u00bbdefault\u00bb background_image=\u00bbhttps:\/\/17cbs.cl\/wp-content\/uploads\/2026\/01\/Aton_703173-scaled.jpg\u00bb background_enable_image=\u00bbon\u00bb global_colors_info=\u00bb{}\u00bb sticky_transition=\u00bbon\u00bb][\/et_pb_slide][et_pb_slide _builder_version=\u00bb4.14.4&#8243; _module_preset=\u00bbdefault\u00bb background_image=\u00bbhttps:\/\/17cbs.cl\/wp-content\/uploads\/2026\/01\/Aton_944781-scaled.jpg\u00bb background_enable_image=\u00bbon\u00bb global_colors_info=\u00bb{}\u00bb sticky_transition=\u00bbon\u00bb][\/et_pb_slide][et_pb_slide _builder_version=\u00bb4.14.4&#8243; _module_preset=\u00bbdefault\u00bb background_image=\u00bbhttps:\/\/17cbs.cl\/wp-content\/uploads\/2026\/01\/Aton_873635-scaled.jpg\u00bb background_enable_image=\u00bbon\u00bb global_colors_info=\u00bb{}\u00bb sticky_transition=\u00bbon\u00bb][\/et_pb_slide][\/et_pb_fullwidth_slider][\/et_pb_section][et_pb_section fb_built=\u00bb1&#8243; _builder_version=\u00bb4.14.4&#8243; _module_preset=\u00bbdefault\u00bb custom_padding=\u00bb25px|||||\u00bb global_colors_info=\u00bb{}\u00bb][et_pb_row _builder_version=\u00bb4.14.4&#8243; _module_preset=\u00bbdefault\u00bb custom_padding=\u00bb||0px|||\u00bb global_colors_info=\u00bb{}\u00bb][et_pb_column type=\u00bb4_4&#8243; _builder_version=\u00bb4.14.4&#8243; _module_preset=\u00bbdefault\u00bb global_colors_info=\u00bb{}\u00bb][et_pb_text _builder_version=\u00bb4.14.4&#8243; _module_preset=\u00bbdefault\u00bb text_font=\u00bbBebas Neue|700|||||||\u00bb text_font_size=\u00bb52px\u00bb text_line_height=\u00bb1em\u00bb global_colors_info=\u00bb{}\u00bb]<\/p>\n<p>ACTOS DEL SERVICIO 2025<\/p>\n<p>[\/et_pb_text][et_pb_divider color=\u00bb#D3D3D3&#8243; _builder_version=\u00bb4.14.4&#8243; _module_preset=\u00bbdefault\u00bb hover_enabled=\u00bb0&#8243; global_colors_info=\u00bb{}\u00bb sticky_enabled=\u00bb0&#8243;][\/et_pb_divider][\/et_pb_column][\/et_pb_row][et_pb_row column_structure=\u00bb1_6,1_6,1_6,1_6,1_6,1_6&#8243; _builder_version=\u00bb4.14.4&#8243; _module_preset=\u00bbdefault\u00bb global_colors_info=\u00bb{}\u00bb][et_pb_column type=\u00bb1_6&#8243; _builder_version=\u00bb4.14.4&#8243; _module_preset=\u00bbdefault\u00bb global_colors_info=\u00bb{}\u00bb][et_pb_number_counter title=\u00bbLLAMADOS HAZ-MAT\u00bb number=\u00bb50&#8243; percent_sign=\u00bboff\u00bb _builder_version=\u00bb4.14.4&#8243; _module_preset=\u00bbdefault\u00bb title_font=\u00bbBebas Neue|700|||||||\u00bb title_text_color=\u00bb#000000&#8243; number_font=\u00bbBebas Neue|700|||||||\u00bb number_text_color=\u00bb#E02B20&#8243; number_font_size=\u00bb95px\u00bb global_colors_info=\u00bb{}\u00bb][\/et_pb_number_counter][\/et_pb_column][et_pb_column type=\u00bb1_6&#8243; _builder_version=\u00bb4.14.4&#8243; _module_preset=\u00bbdefault\u00bb global_colors_info=\u00bb{}\u00bb][et_pb_number_counter title=\u00bbINCENDIOS\u00bb number=\u00bb67&#8243; percent_sign=\u00bboff\u00bb _builder_version=\u00bb4.14.4&#8243; _module_preset=\u00bbdefault\u00bb title_font=\u00bbBebas Neue|700|||||||\u00bb title_text_color=\u00bb#000000&#8243; number_font=\u00bbBebas Neue|700|||||||\u00bb number_text_color=\u00bb#E02B20&#8243; number_font_size=\u00bb95px\u00bb global_colors_info=\u00bb{}\u00bb][\/et_pb_number_counter][\/et_pb_column][et_pb_column type=\u00bb1_6&#8243; _builder_version=\u00bb4.14.4&#8243; _module_preset=\u00bbdefault\u00bb global_colors_info=\u00bb{}\u00bb][et_pb_number_counter title=\u00bbLLAMADOS ESTRUCTURALES\u00bb number=\u00bb162&#8243; percent_sign=\u00bboff\u00bb _builder_version=\u00bb4.14.4&#8243; _module_preset=\u00bbdefault\u00bb title_font=\u00bbBebas Neue|700|||||||\u00bb title_text_color=\u00bb#000000&#8243; number_font=\u00bbBebas Neue|700|||||||\u00bb number_text_color=\u00bb#E02B20&#8243; number_font_size=\u00bb95px\u00bb global_colors_info=\u00bb{}\u00bb][\/et_pb_number_counter][\/et_pb_column][et_pb_column type=\u00bb1_6&#8243; _builder_version=\u00bb4.14.4&#8243; _module_preset=\u00bbdefault\u00bb global_colors_info=\u00bb{}\u00bb][et_pb_number_counter title=\u00bbACCIDENTES VEHICULARES\u00bb number=\u00bb77&#8243; percent_sign=\u00bboff\u00bb _builder_version=\u00bb4.14.4&#8243; _module_preset=\u00bbdefault\u00bb title_font=\u00bbBebas Neue|700|||||||\u00bb title_text_color=\u00bb#000000&#8243; number_font=\u00bbBebas Neue|700|||||||\u00bb number_text_color=\u00bb#E02B20&#8243; number_font_size=\u00bb95px\u00bb global_colors_info=\u00bb{}\u00bb][\/et_pb_number_counter][\/et_pb_column][et_pb_column type=\u00bb1_6&#8243; _builder_version=\u00bb4.14.4&#8243; _module_preset=\u00bbdefault\u00bb global_colors_info=\u00bb{}\u00bb][et_pb_number_counter title=\u00bbAPOYO A OTROS CUERPOS\u00bb number=\u00bb50&#8243; percent_sign=\u00bboff\u00bb _builder_version=\u00bb4.14.4&#8243; _module_preset=\u00bbdefault\u00bb title_font=\u00bbBebas Neue|700|||||||\u00bb title_text_color=\u00bb#000000&#8243; number_font=\u00bbBebas Neue|700|||||||\u00bb number_text_color=\u00bb#E02B20&#8243; number_font_size=\u00bb95px\u00bb global_colors_info=\u00bb{}\u00bb][\/et_pb_number_counter][\/et_pb_column][et_pb_column type=\u00bb1_6&#8243; _builder_version=\u00bb4.14.4&#8243; _module_preset=\u00bbdefault\u00bb global_colors_info=\u00bb{}\u00bb][et_pb_number_counter title=\u00bbOTROS ACTOS DEL SERVICIO\u00bb number=\u00bb306&#8243; percent_sign=\u00bboff\u00bb _builder_version=\u00bb4.14.4&#8243; _module_preset=\u00bbdefault\u00bb title_font=\u00bbBebas Neue|700|||||||\u00bb title_text_color=\u00bb#000000&#8243; number_font=\u00bbBebas Neue|700|||||||\u00bb number_text_color=\u00bb#E02B20&#8243; number_font_size=\u00bb95px\u00bb global_colors_info=\u00bb{}\u00bb][\/et_pb_number_counter][\/et_pb_column][\/et_pb_row][et_pb_row _builder_version=\u00bb4.14.4&#8243; _module_preset=\u00bbdefault\u00bb background_color=\u00bb#d3d3d3&#8243; global_colors_info=\u00bb{}\u00bb][et_pb_column type=\u00bb4_4&#8243; _builder_version=\u00bb4.14.4&#8243; _module_preset=\u00bbdefault\u00bb global_colors_info=\u00bb{}\u00bb][et_pb_number_counter title=\u00bbTOTAL DE ACTOS\u00bb number=\u00bb935&#8243; percent_sign=\u00bboff\u00bb _builder_version=\u00bb4.14.4&#8243; _module_preset=\u00bbdefault\u00bb title_font=\u00bbBebas Neue|700|||||||\u00bb title_text_color=\u00bb#000000&#8243; number_font=\u00bbBebas Neue|700|||||||\u00bb number_text_color=\u00bb#E02B20&#8243; number_font_size=\u00bb95px\u00bb global_colors_info=\u00bb{}\u00bb][\/et_pb_number_counter][\/et_pb_column][\/et_pb_row][\/et_pb_section][et_pb_section fb_built=\u00bb1&#8243; _builder_version=\u00bb4.14.4&#8243; _module_preset=\u00bbdefault\u00bb background_color=\u00bb#D3D3D3&#8243; global_colors_info=\u00bb{}\u00bb][et_pb_row _builder_version=\u00bb4.14.4&#8243; _module_preset=\u00bbdefault\u00bb custom_padding=\u00bb||0px|||\u00bb global_colors_info=\u00bb{}\u00bb][et_pb_column type=\u00bb4_4&#8243; _builder_version=\u00bb4.14.4&#8243; _module_preset=\u00bbdefault\u00bb global_colors_info=\u00bb{}\u00bb][et_pb_text _builder_version=\u00bb4.14.4&#8243; _module_preset=\u00bbdefault\u00bb text_font=\u00bbBebas Neue|700|||||||\u00bb text_font_size=\u00bb52px\u00bb hover_enabled=\u00bb0&#8243; global_colors_info=\u00bb{}\u00bb text_text_color=\u00bb#000000&#8243; sticky_enabled=\u00bb0&#8243;]<\/p>\n<p>Especialidades<\/p>\n<p>[\/et_pb_text][et_pb_divider color=\u00bb#FFFFFF\u00bb _builder_version=\u00bb4.14.4&#8243; _module_preset=\u00bbdefault\u00bb global_colors_info=\u00bb{}\u00bb][\/et_pb_divider][\/et_pb_column][\/et_pb_row][et_pb_row column_structure=\u00bb1_2,1_2&#8243; _builder_version=\u00bb4.14.4&#8243; _module_preset=\u00bbdefault\u00bb global_colors_info=\u00bb{}\u00bb][et_pb_column type=\u00bb1_2&#8243; _builder_version=\u00bb4.14.4&#8243; _module_preset=\u00bbdefault\u00bb global_colors_info=\u00bb{}\u00bb][et_pb_cta title=\u00bbAGUA\u00bb _builder_version=\u00bb4.14.4&#8243; _module_preset=\u00bbdefault\u00bb header_font=\u00bbBebas Neue||||||||\u00bb header_font_size=\u00bb73px\u00bb body_font=\u00bbBebas Neue||||||||\u00bb body_font_size=\u00bb19px\u00bb background_image=\u00bbhttps:\/\/17cbs.cl\/wp-content\/uploads\/2026\/01\/WhatsApp-Image-2025-12-24-at-12.17.55.jpeg\u00bb height=\u00bb400px\u00bb max_height=\u00bb400px\u00bb animation_style=\u00bbslide\u00bb hover_enabled=\u00bb0&#8243; header_text_shadow_style=\u00bbpreset2&#8243; border_radii=\u00bbon|30px|30px|30px|30px\u00bb global_colors_info=\u00bb{}\u00bb title_text=\u00bbWhatsApp Image 2025-12-24 at 12.17.55&#8243; sticky_enabled=\u00bb0&#8243; box_shadow_style=\u00bbpreset3&#8243;][\/et_pb_cta][\/et_pb_column][et_pb_column type=\u00bb1_2&#8243; _builder_version=\u00bb4.14.4&#8243; _module_preset=\u00bbdefault\u00bb global_colors_info=\u00bb{}\u00bb][et_pb_cta title=\u00bbHAZMAT\u00bb _builder_version=\u00bb4.14.4&#8243; _module_preset=\u00bbdefault\u00bb header_font=\u00bbBebas Neue||||||||\u00bb header_font_size=\u00bb73px\u00bb body_font=\u00bbBebas Neue||||||||\u00bb body_font_size=\u00bb19px\u00bb background_image=\u00bbhttps:\/\/17cbs.cl\/wp-content\/uploads\/2026\/01\/508518130_9663833473745811_508093520831363663_n.jpg\u00bb height=\u00bb400px\u00bb max_height=\u00bb400px\u00bb animation_style=\u00bbslide\u00bb hover_enabled=\u00bb0&#8243; header_text_shadow_style=\u00bbpreset2&#8243; border_radii=\u00bbon|30px|30px|30px|30px\u00bb global_colors_info=\u00bb{}\u00bb title_text=\u00bb508518130_9663833473745811_508093520831363663_n\u00bb sticky_enabled=\u00bb0&#8243; box_shadow_style=\u00bbpreset3&#8243;][\/et_pb_cta][\/et_pb_column][\/et_pb_row][\/et_pb_section][et_pb_section fb_built=\u00bb1&#8243; fullwidth=\u00bbon\u00bb _builder_version=\u00bb4.14.4&#8243; _module_preset=\u00bbdefault\u00bb global_colors_info=\u00bb{}\u00bb][et_pb_fullwidth_slider use_bg_overlay=\u00bboff\u00bb use_text_overlay=\u00bboff\u00bb _builder_version=\u00bb4.14.4&#8243; _module_preset=\u00bbdefault\u00bb background_image=\u00bbhttps:\/\/17cbs.cl\/wp-content\/uploads\/2026\/01\/banner-heroe.png\u00bb module_alignment=\u00bbcenter\u00bb max_height=\u00bb420px\u00bb custom_padding=\u00bb146px|||||\u00bb text_shadow_style=\u00bbpreset2&#8243; global_colors_info=\u00bb{}\u00bb][et_pb_slide heading=\u00bbPostula a la 17&#8243; button_text=\u00bbhaz click aqu\u00ed\u00bb _builder_version=\u00bb4.14.4&#8243; _module_preset=\u00bbdefault\u00bb text_orientation=\u00bbright\u00bb global_colors_info=\u00bb{}\u00bb sticky_transition=\u00bbon\u00bb]<\/p>\n<p style=\"text-align: right;\">llena el formulario y forma parte de nuestra compa\u00f1\u00eda<\/p>\n<p>[\/et_pb_slide][\/et_pb_fullwidth_slider][\/et_pb_section][et_pb_section fb_built=\u00bb1&#8243; theme_builder_area=\u00bbpost_content\u00bb _builder_version=\u00bb4.14.4&#8243; _module_preset=\u00bbdefault\u00bb][et_pb_row _builder_version=\u00bb4.14.4&#8243; _module_preset=\u00bbdefault\u00bb theme_builder_area=\u00bbpost_content\u00bb][et_pb_column _builder_version=\u00bb4.14.4&#8243; _module_preset=\u00bbdefault\u00bb type=\u00bb4_4&#8243; theme_builder_area=\u00bbpost_content\u00bb][et_pb_text _builder_version=\u00bb4.14.4&#8243; _module_preset=\u00bbdefault\u00bb text_font=\u00bbBebas Neue|700|||||||\u00bb text_font_size=\u00bb52px\u00bb hover_enabled=\u00bb0&#8243; global_colors_info=\u00bb{}\u00bb theme_builder_area=\u00bbpost_content\u00bb sticky_enabled=\u00bb0&#8243;]<\/p>\n<p>Material mayor<\/p>\n<p>[\/et_pb_text][et_pb_divider color=\u00bb#D3D3D3&#8243; _builder_version=\u00bb4.14.4&#8243; _module_preset=\u00bbdefault\u00bb hover_enabled=\u00bb0&#8243; global_colors_info=\u00bb{}\u00bb sticky_enabled=\u00bb0&#8243; theme_builder_area=\u00bbpost_content\u00bb][\/et_pb_divider][\/et_pb_column][\/et_pb_row][et_pb_row _builder_version=\u00bb4.14.4&#8243; _module_preset=\u00bbdefault\u00bb column_structure=\u00bb1_3,1_3,1_3&#8243; theme_builder_area=\u00bbpost_content\u00bb][et_pb_column _builder_version=\u00bb4.14.4&#8243; _module_preset=\u00bbdefault\u00bb type=\u00bb1_3&#8243; theme_builder_area=\u00bbpost_content\u00bb][et_pb_cta title=\u00bbB17&#8243; button_text=\u00bbVER B17&#8243; _builder_version=\u00bb4.14.4&#8243; _module_preset=\u00bbdefault\u00bb theme_builder_area=\u00bbpost_content\u00bb button_url=\u00bb#\u00bb header_font=\u00bbBebas Neue||||||||\u00bb header_font_size=\u00bb62px\u00bb hover_enabled=\u00bb0&#8243; sticky_enabled=\u00bb0&#8243; border_radii=\u00bbon|30px|30px|30px|30px\u00bb box_shadow_style=\u00bbpreset3&#8243; title_text=\u00bb497856472_9417547548374406_1176524724719405189_n\u00bb background_image=\u00bbhttps:\/\/17cbs.cl\/wp-content\/uploads\/2026\/01\/497856472_9417547548374406_1176524724719405189_n.jpg\u00bb animation_style=\u00bbflip\u00bb parallax=\u00bbon\u00bb][\/et_pb_cta][\/et_pb_column][et_pb_column _builder_version=\u00bb4.14.4&#8243; _module_preset=\u00bbdefault\u00bb type=\u00bb1_3&#8243; theme_builder_area=\u00bbpost_content\u00bb][et_pb_cta title=\u00bbBX17&#8243; button_text=\u00bbVER BX17&#8243; _builder_version=\u00bb4.14.4&#8243; _module_preset=\u00bbdefault\u00bb theme_builder_area=\u00bbpost_content\u00bb button_url=\u00bb#\u00bb header_font=\u00bbBebas Neue||||||||\u00bb header_font_size=\u00bb62px\u00bb hover_enabled=\u00bb0&#8243; sticky_enabled=\u00bb0&#8243; border_radii=\u00bbon|30px|30px|30px|30px\u00bb box_shadow_style=\u00bbpreset3&#8243; title_text=\u00bbhq720&#8243; background_image=\u00bbhttps:\/\/17cbs.cl\/wp-content\/uploads\/2026\/01\/hq720.jpg\u00bb parallax=\u00bbon\u00bb][\/et_pb_cta][\/et_pb_column][et_pb_column _builder_version=\u00bb4.14.4&#8243; _module_preset=\u00bbdefault\u00bb type=\u00bb1_3&#8243; theme_builder_area=\u00bbpost_content\u00bb][et_pb_cta title=\u00bbH17&#8243; button_text=\u00bbVER H17&#8243; _builder_version=\u00bb4.14.4&#8243; _module_preset=\u00bbdefault\u00bb theme_builder_area=\u00bbpost_content\u00bb button_url=\u00bb#\u00bb header_font=\u00bbBebas Neue||||||||\u00bb header_font_size=\u00bb62px\u00bb hover_enabled=\u00bb0&#8243; sticky_enabled=\u00bb0&#8243; border_radii=\u00bbon|30px|30px|30px|30px\u00bb box_shadow_style=\u00bbpreset3&#8243; title_text=\u00bb483509499_1066160535546171_7857332988900127524_n\u00bb background_image=\u00bbhttps:\/\/17cbs.cl\/wp-content\/uploads\/2026\/01\/483509499_1066160535546171_7857332988900127524_n.jpg\u00bb parallax=\u00bbon\u00bb][\/et_pb_cta][\/et_pb_column][\/et_pb_row][\/et_pb_section][et_pb_section fb_built=\u00bb1&#8243; fullwidth=\u00bbon\u00bb theme_builder_area=\u00bbpost_content\u00bb _builder_version=\u00bb4.14.4&#8243; _module_preset=\u00bbdefault\u00bb title_text=\u00bbSaveClip.App_587284757_17975184056959881_4162958437036616290_n\u00bb background_image=\u00bbhttps:\/\/17cbs.cl\/wp-content\/uploads\/2026\/01\/SaveClip.App_587284757_17975184056959881_4162958437036616290_n.jpg\u00bb hover_enabled=\u00bb0&#8243; sticky_enabled=\u00bb0&#8243;][et_pb_fullwidth_slider _builder_version=\u00bb4.14.4&#8243; _module_preset=\u00bbdefault\u00bb theme_builder_area=\u00bbpost_content\u00bb title_text=\u00bbinsignia 17 bj\u00bb background_size=\u00bbcontain\u00bb use_bg_overlay=\u00bbon\u00bb hover_enabled=\u00bb0&#8243; sticky_enabled=\u00bb0&#8243; background_enable_image=\u00bboff\u00bb background_color=\u00bbRGBA(255,255,255,0)\u00bb text_orientation=\u00bbright\u00bb max_height=\u00bb400px\u00bb content_width=\u00bb93%\u00bb custom_padding=\u00bb161px|125px|106px|||\u00bb][et_pb_slide heading=\u00bbBRIGADA JUVENIL\u00bb button_text=\u00bbVER M\u00c1S\u00bb _builder_version=\u00bb4.14.4&#8243; _module_preset=\u00bbdefault\u00bb theme_builder_area=\u00bbpost_content\u00bb hover_enabled=\u00bb0&#8243; sticky_enabled=\u00bb0&#8243; title_text=\u00bbinsignia 17 bj\u00bb image=\u00bbhttps:\/\/17cbs.cl\/wp-content\/uploads\/2026\/01\/insignia-17-bj-scaled.png\u00bb]<\/p>\n<p>RA\u00daL AGUST\u00cdN BOLIVAR PRADO<\/p>\n<p>[\/et_pb_slide][\/et_pb_fullwidth_slider][\/et_pb_section][et_pb_section fb_built=\u00bb1&#8243; fullwidth=\u00bbon\u00bb _builder_version=\u00bb4.14.4&#8243; _module_preset=\u00bbdefault\u00bb global_colors_info=\u00bb{}\u00bb][et_pb_fullwidth_code _builder_version=\u00bb4.14.4&#8243; _module_preset=\u00bbdefault\u00bb global_colors_info=\u00bb{}\u00bb]<iframe src=\"https:\/\/www.google.com\/maps\/embed?pb=!1m18!1m12!1m3!1d544.902888771956!2d-70.67238567643447!3d-33.46040894051825!2m3!1f0!2f0!3f0!3m2!1i1024!2i768!4f13.1!3m3!1m2!1s0x9662c4e2d6a929a1%3A0xcff895002d081447!2sDecimos%C3%A9ptima%20Compa%C3%B1%C3%ADa%20del%20Cuerpo%20de%20Bomberos%20de%20Santiago%20%22Bomba%20Los%20Cerrillos%22!5e0!3m2!1ses!2scl!4v1768952774466!5m2!1ses!2scl\" width=\"1920\" height=\"420\" style=\"border:0;\" allowfullscreen=\"\" loading=\"lazy\" referrerpolicy=\"no-referrer-when-downgrade\"><\/iframe>[\/et_pb_fullwidth_code][\/et_pb_section]<\/p>\n","protected":false},"excerpt":{"rendered":"<p>ACTOS DEL SERVICIO 2025Especialidadesllena el formulario y forma parte de nuestra compa\u00f1\u00edaMaterial mayorRA\u00daL AGUST\u00cdN BOLIVAR PRADO<\/p>\n","protected":false},"author":1,"featured_media":0,"parent":0,"menu_order":0,"comment_status":"closed","ping_status":"closed","template":"","meta":{"_et_pb_use_builder":"on","_et_pb_old_content":"","_et_gb_content_width":"","footnotes":""},"class_list":["post-12","page","type-page","status-publish","hentry"],"_links":{"self":[{"href":"https:\/\/17cbs.cl\/index.php\/wp-json\/wp\/v2\/pages\/12","targetHints":{"allow":["GET"]}}],"collection":[{"href":"https:\/\/17cbs.cl\/index.php\/wp-json\/wp\/v2\/pages"}],"about":[{"href":"https:\/\/17cbs.cl\/index.php\/wp-json\/wp\/v2\/types\/page"}],"author":[{"embeddable":true,"href":"https:\/\/17cbs.cl\/index.php\/wp-json\/wp\/v2\/users\/1"}],"replies":[{"embeddable":true,"href":"https:\/\/17cbs.cl\/index.php\/wp-json\/wp\/v2\/comments?post=12"}],"version-history":[{"count":29,"href":"https:\/\/17cbs.cl\/index.php\/wp-json\/wp\/v2\/pages\/12\/revisions"}],"predecessor-version":[{"id":119,"href":"https:\/\/17cbs.cl\/index.php\/wp-json\/wp\/v2\/pages\/12\/revisions\/119"}],"wp:attachment":[{"href":"https:\/\/17cbs.cl\/index.php\/wp-json\/wp\/v2\/media?parent=12"}],"curies":[{"name":"wp","href":"https:\/\/api.w.org\/{rel}","templated":true}]}}